{"id":190,"date":"2019-01-21T18:39:19","date_gmt":"2019-01-21T23:39:19","guid":{"rendered":"http:\/\/genealogy-paulsen.org\/home\/?page_id=190"},"modified":"2019-03-11T08:43:56","modified_gmt":"2019-03-11T13:43:56","slug":"swedish-families","status":"publish","type":"page","link":"https:\/\/genealogy-paulsen.org\/home\/swedish-families\/","title":{"rendered":"Swedish Families"},"content":{"rendered":"\n<div class=\"wp-block-media-text alignwide\" style=\"grid-template-columns:10% auto\"><figure class=\"wp-block-media-text__media\"><img loading=\"lazy\" decoding=\"async\" width=\"50\" height=\"34\" src=\"https:\/\/genealogy-paulsen.org\/home\/wp-content\/uploads\/2019\/01\/image-8.png\" alt=\"Swedish Flag\" class=\"wp-image-127\"\/><\/figure><div class=\"wp-block-media-text__content\">\n<p class=\"has-medium-font-size\"><a href=\"https:\/\/genealogy-paulsen.org\/genealogy\/Sweden\/Hallin_Register\/default.html\" target=\"_blank\" rel=\"noreferrer noopener\" aria-label=\" (opens in a new tab)\">Hallin<\/a><\/p>\n<\/div><\/div>\n\n\n\n<p>The Hallin family resided in the Kristinehamn, Sweden in the latter half the 19th century. Emanuel Andersson Hallin (b. 1834) came from Norra F\u00e5gel\u00e5s, Skaraborgs l\u00e4n. His wife was Emma Karolina Sandelin (b. 1847) who came from Gillberga, V\u00e4rmland l\u00e4n. Their daughters Maja Aurora and Edla Jeannette Sandelin emigrated to Woburn, Massachusetts around 1890. Edla Jeannette Sandelin married Iver Paulsen from Tved, Thisted County, Denmark.<\/p>\n\n\n\n<div class=\"wp-block-media-text alignwide\" style=\"grid-template-columns:10% auto\"><figure class=\"wp-block-media-text__media\"><img loading=\"lazy\" decoding=\"async\" width=\"50\" height=\"34\" src=\"https:\/\/genealogy-paulsen.org\/home\/wp-content\/uploads\/2019\/01\/image-8.png\" alt=\"Swedish Flag\" class=\"wp-image-127\"\/><\/figure><div class=\"wp-block-media-text__content\">\n<p class=\"has-medium-font-size\"><a href=\"https:\/\/genealogy-paulsen.org\/genealogy\/Sweden\/Sandelin_Register\/default.html\" target=\"_blank\" rel=\"noreferrer noopener\" aria-label=\"Sandelin (opens in a new tab)\">Sandelin<\/a><\/p>\n<\/div><\/div>\n\n\n\n<p>The Sandelin family resided in Gillberga, V\u00e4rmland l\u00e4ns, Sweden in the middle of the 19th century. Sandelin is the adopted surname of Johannes Olofsson. Presumably Sandelin is the &#8216;soldier&#8217; surname for Johannes Sandelin. While Johannes Olofsson was born at Gillberga, his father&#8217;s family was from neighbouring L\u00e5ngserud. The family at L\u00e5ngserud was there in the 17th century and probably earlier.<\/p>\n\n\n\n<div class=\"wp-block-media-text alignwide\" style=\"grid-template-columns:10% auto\"><figure class=\"wp-block-media-text__media\"><img loading=\"lazy\" decoding=\"async\" width=\"50\" height=\"34\" src=\"https:\/\/genealogy-paulsen.org\/home\/wp-content\/uploads\/2019\/01\/image-8.png\" alt=\"Swedish Flag\" class=\"wp-image-127\"\/><\/figure><div class=\"wp-block-media-text__content\">\n<p class=\"has-medium-font-size\"><a href=\"https:\/\/genealogy-paulsen.org\/genealogy\/Sweden\/Semon_Register\/default.html\" target=\"_blank\" rel=\"noreferrer noopener\" aria-label=\"Semon (opens in a new tab)\">Semon<\/a><\/p>\n<\/div><\/div>\n\n\n\n<p>The Semon \/ Simon family originated in Visings\u00f6, J\u00f6nk\u00f6pings l\u00e4n, Sweden. The family appears to stem from Jonas Petri Comaelius and his wife Maria Larsdotter Simoni Neuver who lived on the island of Visings\u00f6 in Lake V\u00e4ttern.&nbsp; The origins of Jonas Petri Comaelius are currently unknown, but the Gr\u00e4nna church records are very clear about his age at death which was 110 years.&nbsp; Maria Larsdotter Simoni Neuver was the granddaughter of Simon Sadelmakere Tysk (Simon the German Saddlemaker) who apparently was associated with the well-known Brahe School on the island.<br><\/p>\n\n\n\n<p>Simon Petrus Condeli, son of Jonas Petri Comaelius and Maria Larsdotter Simoni Neuver was the customs clerk (Tullskrivare) at Gr\u00e4nna, J\u00f6nk\u00f6pings l\u00e4n, Sweden during the late 1720s and 1730s.&nbsp; Descendants of his daughter Maja Stina (Maria Kristina) Simonsdotter Condeli (also Comeli) are found in Gr\u00e4nna and Sk\u00e4rstad, J\u00f8nk\u00f8pings l\u00e4n into the 19th century, at Norra F\u00e5gel\u00e5s, Skaraborgs l\u00e4n in the 19th century, and at Woburn, Massachusetts and area in the 20th and 21st centuries.<\/p>\n","protected":false},"excerpt":{"rendered":"<p>Hallin The Hallin family resided in the Kristinehamn, Sweden in the latter half the 19th century. Emanuel Andersson Hallin (b. 1834) came from Norra F\u00e5gel\u00e5s, Skaraborgs l\u00e4n. His wife was Emma Karolina Sandelin (b. 1847) who came from Gillberga, V\u00e4rmland l\u00e4n. Their daughters Maja Aurora and Edla Jeannette Sandelin emigrated to Woburn, Massachusetts around 1890. &hellip; <\/p>\n<p class=\"link-more\"><a href=\"https:\/\/genealogy-paulsen.org\/home\/swedish-families\/\" class=\"more-link\">Continue reading<span class=\"screen-reader-text\"> &#8220;Swedish Families&#8221;<\/span><\/a><\/p>\n","protected":false},"author":1,"featured_media":0,"parent":0,"menu_order":0,"comment_status":"closed","ping_status":"closed","template":"","meta":{"om_disable_all_campaigns":false,"_monsterinsights_skip_tracking":false,"_monsterinsights_sitenote_active":false,"_monsterinsights_sitenote_note":"","_monsterinsights_sitenote_category":0,"jetpack_post_was_ever_published":false,"footnotes":""},"class_list":["post-190","page","type-page","status-publish","hentry"],"jetpack_sharing_enabled":true,"jetpack_shortlink":"https:\/\/wp.me\/PaELUP-34","_links":{"self":[{"href":"https:\/\/genealogy-paulsen.org\/home\/wp-json\/wp\/v2\/pages\/190","targetHints":{"allow":["GET"]}}],"collection":[{"href":"https:\/\/genealogy-paulsen.org\/home\/wp-json\/wp\/v2\/pages"}],"about":[{"href":"https:\/\/genealogy-paulsen.org\/home\/wp-json\/wp\/v2\/types\/page"}],"author":[{"embeddable":true,"href":"https:\/\/genealogy-paulsen.org\/home\/wp-json\/wp\/v2\/users\/1"}],"replies":[{"embeddable":true,"href":"https:\/\/genealogy-paulsen.org\/home\/wp-json\/wp\/v2\/comments?post=190"}],"version-history":[{"count":7,"href":"https:\/\/genealogy-paulsen.org\/home\/wp-json\/wp\/v2\/pages\/190\/revisions"}],"predecessor-version":[{"id":373,"href":"https:\/\/genealogy-paulsen.org\/home\/wp-json\/wp\/v2\/pages\/190\/revisions\/373"}],"wp:attachment":[{"href":"https:\/\/genealogy-paulsen.org\/home\/wp-json\/wp\/v2\/media?parent=190"}],"curies":[{"name":"wp","href":"https:\/\/api.w.org\/{rel}","templated":true}]}}