{"id":192,"date":"2019-01-21T18:39:44","date_gmt":"2019-01-21T23:39:44","guid":{"rendered":"http:\/\/genealogy-paulsen.org\/home\/?page_id=192"},"modified":"2019-03-11T09:00:51","modified_gmt":"2019-03-11T14:00:51","slug":"danish-families","status":"publish","type":"page","link":"https:\/\/genealogy-paulsen.org\/home\/danish-families\/","title":{"rendered":"Danish Families"},"content":{"rendered":"\n<div class=\"wp-block-media-text alignwide\" style=\"grid-template-columns:10% auto\"><figure class=\"wp-block-media-text__media\"><img loading=\"lazy\" decoding=\"async\" width=\"50\" height=\"30\" src=\"https:\/\/genealogy-paulsen.org\/home\/wp-content\/uploads\/2019\/01\/image-12.png\" alt=\"Danish Flag\" class=\"wp-image-131\"\/><\/figure><div class=\"wp-block-media-text__content\">\n<p class=\"has-medium-font-size\"><a href=\"https:\/\/genealogy-paulsen.org\/genealogy\/Denmark\/Bonde_Register\/default.html\" target=\"_blank\" rel=\"noreferrer noopener\" aria-label=\"American Descendants of Jens Bonde of Kollerup, Thysyssel, Denmark (opens in a new tab)\">American Descendants of Jens Bonde of Kollerup, Thysyssel, Denmark<\/a><\/p>\n<\/div><\/div>\n\n\n\n<p>Jens Bonde was a man who lived in 14th century Denmark. He was born about 1365 and died after 1400. Because church records were not kept before the Protestant Reformation in the early 1500s, the primary sources about people tend to land and court records. As a family, we are fortunate to be able to trace a line of ancestry back to the 14th century. The Viking period of Danish history had ended by the beginning of the 12th century. By the beginning of the 12th century Denmark had become a primarily Christian nation. Denmark began to coalesce into a nation-state. This genealogy follows the descendants of Jens Bonde from late Medieval period in the 14th century to the 21st century in the United States, nearly 650 years of family history.<br><\/p>\n\n\n\n<p>Special thanks go to John Christian Dehn of R\u00f8dding, Denmark for his assistance.<br>Based on research of Peter Grishauge of Denmark.<\/p>\n\n\n\n<div class=\"wp-block-media-text alignwide\" style=\"grid-template-columns:11% auto\"><figure class=\"wp-block-media-text__media\"><img loading=\"lazy\" decoding=\"async\" width=\"50\" height=\"30\" src=\"https:\/\/genealogy-paulsen.org\/home\/wp-content\/uploads\/2019\/01\/image-12.png\" alt=\"Danish Flag\" class=\"wp-image-131\"\/><\/figure><div class=\"wp-block-media-text__content\">\n<p class=\"has-medium-font-size\"><a href=\"https:\/\/genealogy-paulsen.org\/genealogy\/Denmark\/Jensen_Register\/default.html\" target=\"_blank\" rel=\"noreferrer noopener\" aria-label=\"Jensen (opens in a new tab)\">Jensen<\/a> (Kirkegaard)<\/p>\n<\/div><\/div>\n\n\n\n<p>The Paulsen family of Woburn, Massachusetts are descended from Hedevig\/Helvig Kirstine Jensdatter (1806-1877) and first husband Iver Poulsen Kiekegaard (1802-1841).&nbsp; The male line ancestry of Hedevig\/Helvig Kirstine Jensdatter is highlighted here.&nbsp; The patronymic surnames are Jensen \/ Jensdatter and Nielsen \/ Nielsdatter.&nbsp; She was born at Bedsted parish, Thisted County, Denmark and lived her life in neighbouring Villerslev parish. She was first the wife of Iver Poulsen Kirkegaard who was the ancestor of the Paulsen family that emigrated from Denmark to the Woburn, Massachusetts. After Iver Poulsen died in 1841, Hedevig Jensdatter married later that same year Lars Christensen Kirkegaard. Lars Christensen was the father of the Danish composer Johannes Lauritzen\/Larsen Kirkegaard. Johannes Kirkegaard wrote a song celebrating the return of Danish Slesvig (Schleswig) to Denmark following the First World War. While Johannes Kirkegaard was too young to fight in the Danish-Prussian War, his elder half brother Poul Iversen Kirkegaard (1837-1918), the father of the Paulsen children who came to the United States, fought in that war which is known as the Second Slesvig Krig (Schleswig War).<\/p>\n\n\n\n<div class=\"wp-block-media-text alignwide\" style=\"grid-template-columns:12% auto\"><figure class=\"wp-block-media-text__media\"><img loading=\"lazy\" decoding=\"async\" width=\"50\" height=\"30\" src=\"https:\/\/genealogy-paulsen.org\/home\/wp-content\/uploads\/2019\/01\/image-12.png\" alt=\"Danish Flag\" class=\"wp-image-131\"\/><\/figure><div class=\"wp-block-media-text__content\">\n<p class=\"has-medium-font-size\"><a href=\"https:\/\/genealogy-paulsen.org\/genealogy\/Denmark\/Paulsen_Register\/default.html\" target=\"_blank\" rel=\"noreferrer noopener\" aria-label=\"Paulsen (opens in a new tab)\">Paulsen<\/a> (Kirkegaard)<\/p>\n<\/div><\/div>\n\n\n\n<p>The Paulsen family of Massachusetts originated in the Danish villages to Tved parish, Hillerslev district, Thisted County and Villerslev, Hassing district, Thisted County in northwestern Jutland.&nbsp;&nbsp;The Paulsen family of Woburn, Massachusetts are descended from Poul Iversen Kirkegaard (1837-1918) and his wife Marie Heluise Thomsdatter (1839-1899).&nbsp; The male line ancestry of Poul Iversen Kirkegaard is highlighted here.&nbsp; The patronymic surnames are Poulsen, Iversen, and Christensen. &nbsp;The furthest back that the male line can be traced is about 1700 to a man named Christen of whom nothing besides his first name is known. &nbsp;The church records for the parish where Christen and his family lived only begin in 1757. &nbsp;This genealogy also traces descendants of Christen in Denmark down to 1892 (the latest date the church records are available).&nbsp;&nbsp;In 1887 Iver Poulsen Kirkegaard and two sisters immigrated to the United States and settled in Woburn, Massachusetts.&nbsp; Over the next decade, his siblings also came to Woburn with their father Poul Iversen Kirkegaard arriving in 1899 after his wife died.&nbsp; Upon immigration, Iver Poulsen Kirkegaard and his siblings dropped the &#8216;farm name&#8217; and used the patronymic which was partially anglicized to Paulsen.<\/p>\n\n\n\n<div class=\"wp-block-media-text alignwide\" style=\"grid-template-columns:12% auto\"><figure class=\"wp-block-media-text__media\"><img loading=\"lazy\" decoding=\"async\" width=\"50\" height=\"30\" src=\"https:\/\/genealogy-paulsen.org\/home\/wp-content\/uploads\/2019\/01\/image-12.png\" alt=\"Danish Flag\" class=\"wp-image-131\"\/><\/figure><div class=\"wp-block-media-text__content\">\n<p class=\"has-medium-font-size\"><a href=\"https:\/\/genealogy-paulsen.org\/genealogy\/Denmark\/Thomsen_Register\/default.html\" target=\"_blank\" rel=\"noreferrer noopener\" aria-label=\"Thomsen \/ Larsen \/ F\u00e6ggeklit (opens in a new tab)\">Thomsen \/ Larsen \/ F\u00e6ggeklit<\/a><\/p>\n<\/div><\/div>\n\n\n\n<p>The Paulsen family of Woburn, Massachusetts are descended from Marie Heluise Thomsdatter (1839-1899) and her husband Poul Iversen Kirkegaard (1837-1918).&nbsp; The male line ancestry of Marie Heluise Thomsdatter is highlighted here.&nbsp; The patronymic surnames included in the family history are&nbsp;Andersen \/ Andersdatter, Laursen or Larsen \/ Larsdatter, and Thomsen \/ Thomsdatter.&nbsp; While Marie Heluise Thomsdatter, her siblings, and her mother Dorthea Marie Nielsdatter (1803-1890) were born at Tved parish, her father Thomas Larsen Klit (1788-1874) was from&nbsp;Sejerslev parish, Mors\u00f8 N\u00f8rre, Thisted County. &nbsp;In Sejerslev parish, the family resided at F\u00e6gge Klit or F\u00e6ggeklit. &nbsp;Because the family lived at F\u00e6ggeklit, the family was also known by that name. &nbsp;The farm name at F\u00e6gge Klit (F\u00e6gge Sand Dune) was named after a spit of land at northern tip of the island of Mors. Legend indicates that F\u00e6ggeklit was the location of a story from which Shakespeare derived his play Hamlet.<br><\/p>\n\n\n\n<p>Special thanks go to John Christian Dehn of R\u00f8dding, Denmark for his assistance.<\/p>\n","protected":false},"excerpt":{"rendered":"<p>American Descendants of Jens Bonde of Kollerup, Thysyssel, Denmark Jens Bonde was a man who lived in 14th century Denmark. He was born about 1365 and died after 1400. Because church records were not kept before the Protestant Reformation in the early 1500s, the primary sources about people tend to land and court records. As &hellip; <\/p>\n<p class=\"link-more\"><a href=\"https:\/\/genealogy-paulsen.org\/home\/danish-families\/\" class=\"more-link\">Continue reading<span class=\"screen-reader-text\"> &#8220;Danish Families&#8221;<\/span><\/a><\/p>\n","protected":false},"author":1,"featured_media":0,"parent":0,"menu_order":0,"comment_status":"closed","ping_status":"closed","template":"","meta":{"om_disable_all_campaigns":false,"_monsterinsights_skip_tracking":false,"_monsterinsights_sitenote_active":false,"_monsterinsights_sitenote_note":"","_monsterinsights_sitenote_category":0,"jetpack_post_was_ever_published":false,"footnotes":""},"class_list":["post-192","page","type-page","status-publish","hentry"],"jetpack_sharing_enabled":true,"jetpack_shortlink":"https:\/\/wp.me\/PaELUP-36","_links":{"self":[{"href":"https:\/\/genealogy-paulsen.org\/home\/wp-json\/wp\/v2\/pages\/192","targetHints":{"allow":["GET"]}}],"collection":[{"href":"https:\/\/genealogy-paulsen.org\/home\/wp-json\/wp\/v2\/pages"}],"about":[{"href":"https:\/\/genealogy-paulsen.org\/home\/wp-json\/wp\/v2\/types\/page"}],"author":[{"embeddable":true,"href":"https:\/\/genealogy-paulsen.org\/home\/wp-json\/wp\/v2\/users\/1"}],"replies":[{"embeddable":true,"href":"https:\/\/genealogy-paulsen.org\/home\/wp-json\/wp\/v2\/comments?post=192"}],"version-history":[{"count":7,"href":"https:\/\/genealogy-paulsen.org\/home\/wp-json\/wp\/v2\/pages\/192\/revisions"}],"predecessor-version":[{"id":378,"href":"https:\/\/genealogy-paulsen.org\/home\/wp-json\/wp\/v2\/pages\/192\/revisions\/378"}],"wp:attachment":[{"href":"https:\/\/genealogy-paulsen.org\/home\/wp-json\/wp\/v2\/media?parent=192"}],"curies":[{"name":"wp","href":"https:\/\/api.w.org\/{rel}","templated":true}]}}